{"id":191,"date":"2025-06-30T16:26:15","date_gmt":"2025-06-30T14:26:15","guid":{"rendered":"https:\/\/ruszrodzine.pl\/?page_id=191"},"modified":"2025-06-30T22:54:12","modified_gmt":"2025-06-30T20:54:12","slug":"zabawy","status":"publish","type":"page","link":"https:\/\/ruszrodzine.pl\/?page_id=191","title":{"rendered":"PAPIEROWE ZABAWY | pobierz &#8211; drukuj &#8211; RUSZ DZIECIAKI!"},"content":{"rendered":"\n<figure class=\"wp-block-image size-full\"><img loading=\"lazy\" decoding=\"async\" width=\"851\" height=\"315\" src=\"https:\/\/ruszrodzine.pl\/wp-content\/uploads\/2025\/06\/BINGO-1.png\" alt=\"\" class=\"wp-image-219\" srcset=\"https:\/\/ruszrodzine.pl\/wp-content\/uploads\/2025\/06\/BINGO-1.png 851w, https:\/\/ruszrodzine.pl\/wp-content\/uploads\/2025\/06\/BINGO-1-300x111.png 300w, https:\/\/ruszrodzine.pl\/wp-content\/uploads\/2025\/06\/BINGO-1-768x284.png 768w\" sizes=\"auto, (max-width: 851px) 100vw, 851px\" \/><\/figure>\n\n\n\n<p><a href=\"https:\/\/ruszrodzine.pl\/wp-content\/uploads\/2025\/06\/BINGO.pdf\" target=\"_blank\" rel=\"noreferrer noopener\">BINGO &#8211; na szlak, w podr\u00f3\u017c, do miasta &#8211; pobierz za darmo!<\/a><\/p>\n\n\n\n<p><\/p>\n","protected":false},"excerpt":{"rendered":"<p>BINGO &#8211; na szlak, w podr\u00f3\u017c, do miasta &#8211; pobierz za darmo!<\/p>\n","protected":false},"author":1,"featured_media":0,"parent":0,"menu_order":0,"comment_status":"closed","ping_status":"closed","template":"","meta":{"_monsterinsights_skip_tracking":false,"_monsterinsights_sitenote_active":false,"_monsterinsights_sitenote_note":"","_monsterinsights_sitenote_category":0,"footnotes":""},"class_list":["post-191","page","type-page","status-publish","hentry"],"yoast_head":"<!-- This site is optimized with the Yoast SEO plugin v25.4 - https:\/\/yoast.com\/wordpress\/plugins\/seo\/ -->\n<title>PAPIEROWE ZABAWY | pobierz - drukuj - RUSZ DZIECIAKI! - Rusz Rodzin\u0119 - przygoda czeka!<\/title>\n<meta name=\"robots\" content=\"index, follow, max-snippet:-1, max-image-preview:large, max-video-preview:-1\" \/>\n<link rel=\"canonical\" href=\"https:\/\/ruszrodzine.pl\/?page_id=191\" \/>\n<meta property=\"og:locale\" content=\"en_US\" \/>\n<meta property=\"og:type\" content=\"article\" \/>\n<meta property=\"og:title\" content=\"PAPIEROWE ZABAWY | pobierz - drukuj - RUSZ DZIECIAKI! - Rusz Rodzin\u0119 - przygoda czeka!\" \/>\n<meta property=\"og:description\" content=\"BINGO &#8211; na szlak, w podr\u00f3\u017c, do miasta &#8211; pobierz za darmo!\" \/>\n<meta property=\"og:url\" content=\"https:\/\/ruszrodzine.pl\/?page_id=191\" \/>\n<meta property=\"og:site_name\" content=\"Rusz Rodzin\u0119 - przygoda czeka!\" \/>\n<meta property=\"article:modified_time\" content=\"2025-06-30T20:54:12+00:00\" \/>\n<meta property=\"og:image\" content=\"https:\/\/ruszrodzine.pl\/wp-content\/uploads\/2025\/06\/BINGO-1.png\" \/>\n\t<meta property=\"og:image:width\" content=\"851\" \/>\n\t<meta property=\"og:image:height\" content=\"315\" \/>\n\t<meta property=\"og:image:type\" content=\"image\/png\" \/>\n<meta name=\"twitter:card\" content=\"summary_large_image\" \/>\n<script type=\"application\/ld+json\" class=\"yoast-schema-graph\">{\"@context\":\"https:\/\/schema.org\",\"@graph\":[{\"@type\":\"WebPage\",\"@id\":\"https:\/\/ruszrodzine.pl\/?page_id=191\",\"url\":\"https:\/\/ruszrodzine.pl\/?page_id=191\",\"name\":\"PAPIEROWE ZABAWY | pobierz - drukuj - RUSZ DZIECIAKI! - Rusz Rodzin\u0119 - przygoda czeka!\",\"isPartOf\":{\"@id\":\"https:\/\/ruszrodzine.pl\/#website\"},\"primaryImageOfPage\":{\"@id\":\"https:\/\/ruszrodzine.pl\/?page_id=191#primaryimage\"},\"image\":{\"@id\":\"https:\/\/ruszrodzine.pl\/?page_id=191#primaryimage\"},\"thumbnailUrl\":\"https:\/\/ruszrodzine.pl\/wp-content\/uploads\/2025\/06\/BINGO-1.png\",\"datePublished\":\"2025-06-30T14:26:15+00:00\",\"dateModified\":\"2025-06-30T20:54:12+00:00\",\"breadcrumb\":{\"@id\":\"https:\/\/ruszrodzine.pl\/?page_id=191#breadcrumb\"},\"inLanguage\":\"en-US\",\"potentialAction\":[{\"@type\":\"ReadAction\",\"target\":[\"https:\/\/ruszrodzine.pl\/?page_id=191\"]}]},{\"@type\":\"ImageObject\",\"inLanguage\":\"en-US\",\"@id\":\"https:\/\/ruszrodzine.pl\/?page_id=191#primaryimage\",\"url\":\"https:\/\/ruszrodzine.pl\/wp-content\/uploads\/2025\/06\/BINGO-1.png\",\"contentUrl\":\"https:\/\/ruszrodzine.pl\/wp-content\/uploads\/2025\/06\/BINGO-1.png\",\"width\":851,\"height\":315},{\"@type\":\"BreadcrumbList\",\"@id\":\"https:\/\/ruszrodzine.pl\/?page_id=191#breadcrumb\",\"itemListElement\":[{\"@type\":\"ListItem\",\"position\":1,\"name\":\"Strona g\u0142\u00f3wna\",\"item\":\"https:\/\/ruszrodzine.pl\/\"},{\"@type\":\"ListItem\",\"position\":2,\"name\":\"PAPIEROWE ZABAWY | pobierz &#8211; drukuj &#8211; RUSZ DZIECIAKI!\"}]},{\"@type\":\"WebSite\",\"@id\":\"https:\/\/ruszrodzine.pl\/#website\",\"url\":\"https:\/\/ruszrodzine.pl\/\",\"name\":\"Rusz Rodzin\u0119 - przygoda czeka!\",\"description\":\"\",\"publisher\":{\"@id\":\"https:\/\/ruszrodzine.pl\/#organization\"},\"potentialAction\":[{\"@type\":\"SearchAction\",\"target\":{\"@type\":\"EntryPoint\",\"urlTemplate\":\"https:\/\/ruszrodzine.pl\/?s={search_term_string}\"},\"query-input\":{\"@type\":\"PropertyValueSpecification\",\"valueRequired\":true,\"valueName\":\"search_term_string\"}}],\"inLanguage\":\"en-US\"},{\"@type\":\"Organization\",\"@id\":\"https:\/\/ruszrodzine.pl\/#organization\",\"name\":\"Rusz Rodzin\u0119 - przygoda czeka!\",\"url\":\"https:\/\/ruszrodzine.pl\/\",\"logo\":{\"@type\":\"ImageObject\",\"inLanguage\":\"en-US\",\"@id\":\"https:\/\/ruszrodzine.pl\/#\/schema\/logo\/image\/\",\"url\":\"https:\/\/ruszrodzine.pl\/wp-content\/uploads\/2025\/06\/cropped-cropped-logo_02.06.2025.png\",\"contentUrl\":\"https:\/\/ruszrodzine.pl\/wp-content\/uploads\/2025\/06\/cropped-cropped-logo_02.06.2025.png\",\"width\":511,\"height\":511,\"caption\":\"Rusz Rodzin\u0119 - przygoda czeka!\"},\"image\":{\"@id\":\"https:\/\/ruszrodzine.pl\/#\/schema\/logo\/image\/\"}}]}<\/script>\n<!-- \/ Yoast SEO plugin. -->","yoast_head_json":{"title":"PAPIEROWE ZABAWY | pobierz - drukuj - RUSZ DZIECIAKI! - Rusz Rodzin\u0119 - przygoda czeka!","robots":{"index":"index","follow":"follow","max-snippet":"max-snippet:-1","max-image-preview":"max-image-preview:large","max-video-preview":"max-video-preview:-1"},"canonical":"https:\/\/ruszrodzine.pl\/?page_id=191","og_locale":"en_US","og_type":"article","og_title":"PAPIEROWE ZABAWY | pobierz - drukuj - RUSZ DZIECIAKI! - Rusz Rodzin\u0119 - przygoda czeka!","og_description":"BINGO &#8211; na szlak, w podr\u00f3\u017c, do miasta &#8211; pobierz za darmo!","og_url":"https:\/\/ruszrodzine.pl\/?page_id=191","og_site_name":"Rusz Rodzin\u0119 - przygoda czeka!","article_modified_time":"2025-06-30T20:54:12+00:00","og_image":[{"width":851,"height":315,"url":"https:\/\/ruszrodzine.pl\/wp-content\/uploads\/2025\/06\/BINGO-1.png","type":"image\/png"}],"twitter_card":"summary_large_image","schema":{"@context":"https:\/\/schema.org","@graph":[{"@type":"WebPage","@id":"https:\/\/ruszrodzine.pl\/?page_id=191","url":"https:\/\/ruszrodzine.pl\/?page_id=191","name":"PAPIEROWE ZABAWY | pobierz - drukuj - RUSZ DZIECIAKI! - Rusz Rodzin\u0119 - przygoda czeka!","isPartOf":{"@id":"https:\/\/ruszrodzine.pl\/#website"},"primaryImageOfPage":{"@id":"https:\/\/ruszrodzine.pl\/?page_id=191#primaryimage"},"image":{"@id":"https:\/\/ruszrodzine.pl\/?page_id=191#primaryimage"},"thumbnailUrl":"https:\/\/ruszrodzine.pl\/wp-content\/uploads\/2025\/06\/BINGO-1.png","datePublished":"2025-06-30T14:26:15+00:00","dateModified":"2025-06-30T20:54:12+00:00","breadcrumb":{"@id":"https:\/\/ruszrodzine.pl\/?page_id=191#breadcrumb"},"inLanguage":"en-US","potentialAction":[{"@type":"ReadAction","target":["https:\/\/ruszrodzine.pl\/?page_id=191"]}]},{"@type":"ImageObject","inLanguage":"en-US","@id":"https:\/\/ruszrodzine.pl\/?page_id=191#primaryimage","url":"https:\/\/ruszrodzine.pl\/wp-content\/uploads\/2025\/06\/BINGO-1.png","contentUrl":"https:\/\/ruszrodzine.pl\/wp-content\/uploads\/2025\/06\/BINGO-1.png","width":851,"height":315},{"@type":"BreadcrumbList","@id":"https:\/\/ruszrodzine.pl\/?page_id=191#breadcrumb","itemListElement":[{"@type":"ListItem","position":1,"name":"Strona g\u0142\u00f3wna","item":"https:\/\/ruszrodzine.pl\/"},{"@type":"ListItem","position":2,"name":"PAPIEROWE ZABAWY | pobierz &#8211; drukuj &#8211; RUSZ DZIECIAKI!"}]},{"@type":"WebSite","@id":"https:\/\/ruszrodzine.pl\/#website","url":"https:\/\/ruszrodzine.pl\/","name":"Rusz Rodzin\u0119 - przygoda czeka!","description":"","publisher":{"@id":"https:\/\/ruszrodzine.pl\/#organization"},"potentialAction":[{"@type":"SearchAction","target":{"@type":"EntryPoint","urlTemplate":"https:\/\/ruszrodzine.pl\/?s={search_term_string}"},"query-input":{"@type":"PropertyValueSpecification","valueRequired":true,"valueName":"search_term_string"}}],"inLanguage":"en-US"},{"@type":"Organization","@id":"https:\/\/ruszrodzine.pl\/#organization","name":"Rusz Rodzin\u0119 - przygoda czeka!","url":"https:\/\/ruszrodzine.pl\/","logo":{"@type":"ImageObject","inLanguage":"en-US","@id":"https:\/\/ruszrodzine.pl\/#\/schema\/logo\/image\/","url":"https:\/\/ruszrodzine.pl\/wp-content\/uploads\/2025\/06\/cropped-cropped-logo_02.06.2025.png","contentUrl":"https:\/\/ruszrodzine.pl\/wp-content\/uploads\/2025\/06\/cropped-cropped-logo_02.06.2025.png","width":511,"height":511,"caption":"Rusz Rodzin\u0119 - przygoda czeka!"},"image":{"@id":"https:\/\/ruszrodzine.pl\/#\/schema\/logo\/image\/"}}]}},"_links":{"self":[{"href":"https:\/\/ruszrodzine.pl\/index.php?rest_route=\/wp\/v2\/pages\/191","targetHints":{"allow":["GET"]}}],"collection":[{"href":"https:\/\/ruszrodzine.pl\/index.php?rest_route=\/wp\/v2\/pages"}],"about":[{"href":"https:\/\/ruszrodzine.pl\/index.php?rest_route=\/wp\/v2\/types\/page"}],"author":[{"embeddable":true,"href":"https:\/\/ruszrodzine.pl\/index.php?rest_route=\/wp\/v2\/users\/1"}],"replies":[{"embeddable":true,"href":"https:\/\/ruszrodzine.pl\/index.php?rest_route=%2Fwp%2Fv2%2Fcomments&post=191"}],"version-history":[{"count":14,"href":"https:\/\/ruszrodzine.pl\/index.php?rest_route=\/wp\/v2\/pages\/191\/revisions"}],"predecessor-version":[{"id":220,"href":"https:\/\/ruszrodzine.pl\/index.php?rest_route=\/wp\/v2\/pages\/191\/revisions\/220"}],"wp:attachment":[{"href":"https:\/\/ruszrodzine.pl\/index.php?rest_route=%2Fwp%2Fv2%2Fmedia&parent=191"}],"curies":[{"name":"wp","href":"https:\/\/api.w.org\/{rel}","templated":true}]}}